{"id":122,"date":"2024-11-19T13:46:18","date_gmt":"2024-11-19T12:46:18","guid":{"rendered":"https:\/\/pages.constructor.university\/5ghyprmesh\/?page_id=122"},"modified":"2024-11-19T13:46:18","modified_gmt":"2024-11-19T12:46:18","slug":"dect-world-2024-in-munchen","status":"publish","type":"page","link":"https:\/\/pages.constructor.university\/5ghyprmesh\/?page_id=122","title":{"rendered":"DECT World 2024 in M\u00fcnchen"},"content":{"rendered":"\n<div class=\"wp-block-columns are-vertically-aligned-top is-layout-flex wp-container-core-columns-is-layout-28f84493 wp-block-columns-is-layout-flex\">\n<div class=\"wp-block-column is-vertically-aligned-top is-layout-flow wp-block-column-is-layout-flow\" style=\"flex-basis:100%\">\n<figure class=\"wp-block-gallery has-nested-images columns-default is-cropped wp-block-gallery-5 is-layout-flex wp-block-gallery-is-layout-flex\">\n<figure class=\"wp-block-image size-large is-style-rounded is-style-rounded--1\"><img loading=\"lazy\" decoding=\"async\" width=\"1024\" height=\"768\" data-id=\"124\" src=\"https:\/\/pages.constructor.university\/5ghyprmesh\/wp-content\/uploads\/sites\/54\/2024\/11\/IMG_8676-1024x768.jpg\" alt=\"\" class=\"wp-image-124\" srcset=\"https:\/\/pages.constructor.university\/5ghyprmesh\/wp-content\/uploads\/sites\/54\/2024\/11\/IMG_8676-1024x768.jpg 1024w, https:\/\/pages.constructor.university\/5ghyprmesh\/wp-content\/uploads\/sites\/54\/2024\/11\/IMG_8676-300x225.jpg 300w, https:\/\/pages.constructor.university\/5ghyprmesh\/wp-content\/uploads\/sites\/54\/2024\/11\/IMG_8676-768x576.jpg 768w, https:\/\/pages.constructor.university\/5ghyprmesh\/wp-content\/uploads\/sites\/54\/2024\/11\/IMG_8676-1536x1152.jpg 1536w, https:\/\/pages.constructor.university\/5ghyprmesh\/wp-content\/uploads\/sites\/54\/2024\/11\/IMG_8676.jpg 1600w\" sizes=\"auto, (max-width: 1024px) 100vw, 1024px\" \/><\/figure>\n\n\n\n<figure class=\"wp-block-image size-large is-style-rounded is-style-rounded--2\"><img loading=\"lazy\" decoding=\"async\" width=\"1024\" height=\"768\" data-id=\"126\" src=\"https:\/\/pages.constructor.university\/5ghyprmesh\/wp-content\/uploads\/sites\/54\/2024\/11\/signal-2024-11-19-125417_002-1024x768.jpeg\" alt=\"\" class=\"wp-image-126\" srcset=\"https:\/\/pages.constructor.university\/5ghyprmesh\/wp-content\/uploads\/sites\/54\/2024\/11\/signal-2024-11-19-125417_002-1024x768.jpeg 1024w, https:\/\/pages.constructor.university\/5ghyprmesh\/wp-content\/uploads\/sites\/54\/2024\/11\/signal-2024-11-19-125417_002-300x225.jpeg 300w, https:\/\/pages.constructor.university\/5ghyprmesh\/wp-content\/uploads\/sites\/54\/2024\/11\/signal-2024-11-19-125417_002-768x576.jpeg 768w, https:\/\/pages.constructor.university\/5ghyprmesh\/wp-content\/uploads\/sites\/54\/2024\/11\/signal-2024-11-19-125417_002-1536x1152.jpeg 1536w, https:\/\/pages.constructor.university\/5ghyprmesh\/wp-content\/uploads\/sites\/54\/2024\/11\/signal-2024-11-19-125417_002.jpeg 1600w\" sizes=\"auto, (max-width: 1024px) 100vw, 1024px\" \/><\/figure>\n\n\n\n<figure class=\"wp-block-image size-large is-style-rounded is-style-rounded--3\"><img loading=\"lazy\" decoding=\"async\" width=\"1024\" height=\"768\" data-id=\"127\" src=\"https:\/\/pages.constructor.university\/5ghyprmesh\/wp-content\/uploads\/sites\/54\/2024\/11\/signal-2024-11-19-125417_003-1024x768.jpeg\" alt=\"\" class=\"wp-image-127\" srcset=\"https:\/\/pages.constructor.university\/5ghyprmesh\/wp-content\/uploads\/sites\/54\/2024\/11\/signal-2024-11-19-125417_003-1024x768.jpeg 1024w, https:\/\/pages.constructor.university\/5ghyprmesh\/wp-content\/uploads\/sites\/54\/2024\/11\/signal-2024-11-19-125417_003-300x225.jpeg 300w, https:\/\/pages.constructor.university\/5ghyprmesh\/wp-content\/uploads\/sites\/54\/2024\/11\/signal-2024-11-19-125417_003-768x576.jpeg 768w, https:\/\/pages.constructor.university\/5ghyprmesh\/wp-content\/uploads\/sites\/54\/2024\/11\/signal-2024-11-19-125417_003-1536x1152.jpeg 1536w, https:\/\/pages.constructor.university\/5ghyprmesh\/wp-content\/uploads\/sites\/54\/2024\/11\/signal-2024-11-19-125417_003.jpeg 1600w\" sizes=\"auto, (max-width: 1024px) 100vw, 1024px\" \/><\/figure>\n\n\n\n<figure class=\"wp-block-image size-large is-style-rounded is-style-rounded--4\"><img loading=\"lazy\" decoding=\"async\" width=\"1024\" height=\"768\" data-id=\"125\" src=\"https:\/\/pages.constructor.university\/5ghyprmesh\/wp-content\/uploads\/sites\/54\/2024\/11\/signal-2024-11-19-125417_004-1024x768.jpeg\" alt=\"\" class=\"wp-image-125\" srcset=\"https:\/\/pages.constructor.university\/5ghyprmesh\/wp-content\/uploads\/sites\/54\/2024\/11\/signal-2024-11-19-125417_004-1024x768.jpeg 1024w, https:\/\/pages.constructor.university\/5ghyprmesh\/wp-content\/uploads\/sites\/54\/2024\/11\/signal-2024-11-19-125417_004-300x225.jpeg 300w, https:\/\/pages.constructor.university\/5ghyprmesh\/wp-content\/uploads\/sites\/54\/2024\/11\/signal-2024-11-19-125417_004-768x576.jpeg 768w, https:\/\/pages.constructor.university\/5ghyprmesh\/wp-content\/uploads\/sites\/54\/2024\/11\/signal-2024-11-19-125417_004-1536x1152.jpeg 1536w, https:\/\/pages.constructor.university\/5ghyprmesh\/wp-content\/uploads\/sites\/54\/2024\/11\/signal-2024-11-19-125417_004.jpeg 1600w\" sizes=\"auto, (max-width: 1024px) 100vw, 1024px\" \/><\/figure>\n<\/figure>\n<\/div>\n<\/div>\n\n\n\n<p><\/p>\n\n\n\n<p>Um sich auf die n\u00e4chste Phase des Projekts vorzubereiten und sich weiter zu vernetzen, reisten einige Projektpartner zu der DECT World 2024 Konferenz nach M\u00fcnchen, zum Austausch mit Experten im Bereich Forschung und Industrie f\u00fcr den DECT-2020 NR (NR+) Standard.<\/p>\n\n\n\n<p><br>Neben Aufschlussreichen Pr\u00e4sentationen im Bereich NR+, gab es au\u00dferdem einige Demonstrationen einsatzbereiten NR+ Anwendungen, sowie Pr\u00e4sentationen laufender Projekte (<a href=\"https:\/\/franco-german-5g-ecosystem.eu\/merci\/\">MERCI <\/a>&amp; <a href=\"https:\/\/www.celtic-next-uswa.org\/\">USWA<\/a>).<br><\/p>\n\n\n\n<p>Durch die Teilnahme an der Konferenz konnten wichtige Einblicke in den Stand der Technik und Entwicklung gewonnen werden, sowie Voraussetzungen und Einschr\u00e4nkungen f\u00fcr die aktive Benutzung von NR+, die im Laufe des Projekts ben\u00f6tigt werden.<\/p>\n\n\n\n<p><br>Bei Bedarf k\u00f6nnen alle Pr\u00e4sentationen der Konferenz hier gefunden werden; <a href=\"https:\/\/www.dect.org\/userfiles\/file\/A.%20Current%20Documents\/DECT-World-2024\/DECT-World-2024-Presentations.zip\">Download<\/a><\/p>\n","protected":false},"excerpt":{"rendered":"<p>Um sich auf die n\u00e4chste Phase des Projekts vorzubereiten und sich weiter zu vernetzen, reisten einige Projektpartner zu der DECT World 2024 Konferenz nach M\u00fcnchen, zum Austausch mit Experten im Bereich Forschung und Industrie f\u00fcr den DECT-2020 NR (NR+) Standard. Neben Aufschlussreichen Pr\u00e4sentationen im Bereich NR+, gab es au\u00dferdem einige Demonstrationen einsatzbereiten NR+ Anwendungen, sowie [&hellip;]<\/p>\n","protected":false},"author":36,"featured_media":0,"parent":0,"menu_order":0,"comment_status":"closed","ping_status":"closed","template":"","meta":{"footnotes":""},"class_list":["post-122","page","type-page","status-publish","hentry"],"_links":{"self":[{"href":"https:\/\/pages.constructor.university\/5ghyprmesh\/index.php?rest_route=\/wp\/v2\/pages\/122","targetHints":{"allow":["GET"]}}],"collection":[{"href":"https:\/\/pages.constructor.university\/5ghyprmesh\/index.php?rest_route=\/wp\/v2\/pages"}],"about":[{"href":"https:\/\/pages.constructor.university\/5ghyprmesh\/index.php?rest_route=\/wp\/v2\/types\/page"}],"author":[{"embeddable":true,"href":"https:\/\/pages.constructor.university\/5ghyprmesh\/index.php?rest_route=\/wp\/v2\/users\/36"}],"replies":[{"embeddable":true,"href":"https:\/\/pages.constructor.university\/5ghyprmesh\/index.php?rest_route=%2Fwp%2Fv2%2Fcomments&post=122"}],"version-history":[{"count":3,"href":"https:\/\/pages.constructor.university\/5ghyprmesh\/index.php?rest_route=\/wp\/v2\/pages\/122\/revisions"}],"predecessor-version":[{"id":129,"href":"https:\/\/pages.constructor.university\/5ghyprmesh\/index.php?rest_route=\/wp\/v2\/pages\/122\/revisions\/129"}],"wp:attachment":[{"href":"https:\/\/pages.constructor.university\/5ghyprmesh\/index.php?rest_route=%2Fwp%2Fv2%2Fmedia&parent=122"}],"curies":[{"name":"wp","href":"https:\/\/api.w.org\/{rel}","templated":true}]}}