{"id":133,"date":"2025-07-09T15:20:06","date_gmt":"2025-07-09T13:20:06","guid":{"rendered":"https:\/\/pages.constructor.university\/5ghyprmesh\/?page_id=133"},"modified":"2025-07-09T15:20:06","modified_gmt":"2025-07-09T13:20:06","slug":"erster-artikel-zu-sicherer-6g-kommunikation-in-ieee-wireless-communications-letters-veroffentlicht","status":"publish","type":"page","link":"https:\/\/pages.constructor.university\/5ghyprmesh\/?page_id=133","title":{"rendered":"Erster Artikel zu sicherer 6G-Kommunikation in IEEE Wireless Communications Letters ver\u00f6ffentlicht"},"content":{"rendered":"\n<figure class=\"wp-block-image size-full\"><img loading=\"lazy\" decoding=\"async\" width=\"973\" height=\"767\" src=\"https:\/\/pages.constructor.university\/5ghyprmesh\/wp-content\/uploads\/sites\/54\/2025\/07\/grafik.png\" alt=\"\" class=\"wp-image-134\" srcset=\"https:\/\/pages.constructor.university\/5ghyprmesh\/wp-content\/uploads\/sites\/54\/2025\/07\/grafik.png 973w, https:\/\/pages.constructor.university\/5ghyprmesh\/wp-content\/uploads\/sites\/54\/2025\/07\/grafik-300x236.png 300w, https:\/\/pages.constructor.university\/5ghyprmesh\/wp-content\/uploads\/sites\/54\/2025\/07\/grafik-768x605.png 768w\" sizes=\"auto, (max-width: 973px) 100vw, 973px\" \/><\/figure>\n\n\n\n<p>Im ersten ver\u00f6ffentlichten Artikel des Projekts \u201eChirp-Permuted AFDM for Quantum-Resilient Physical-Layer Secure Communications\u201c wurde eine innovative Methode f\u00fcr sichere Kommunikation auf der physikalischen Ebene vorgestellt. Diese basiert auf einer speziellen Variante des Affine Frequency Division Multiplexing (AFDM), einer Wellenform, die f\u00fcr zuk\u00fcnftige sechste Generation (6G) Mobilfunksysteme entwickelt wurde.<\/p>\n\n\n\n<p>Die neue Technik nutzt eine sogenannte Chirp-Permutation, die es unbefugten Empf\u00e4ngern \u2013 selbst wenn sie \u00fcber perfekte Kanalinformationen (CSI) verf\u00fcgen oder sich am selben Standort wie der legitime Nutzer befinden \u2013 nahezu unm\u00f6glich macht, das Signal korrekt zu entschl\u00fcsseln.<\/p>\n\n\n\n<p>Die Sicherheit dieses Ansatzes wurde gr\u00fcndlich analysiert. Dabei zeigt sich, dass die Komplexit\u00e4t, die ben\u00f6tigt wird, um die richtige Permutation zu finden, sowohl f\u00fcr klassische als auch f\u00fcr Quanten-Suchalgorithmen un\u00fcberwindbar hoch ist. Dies liegt an der faktoriel wachsenden Gr\u00f6\u00dfe des Suchraums. Zudem wurde die Wahrscheinlichkeit eines erfolgreichen Angriffs durch zuf\u00e4lliges Raten untersucht und als verschwindend gering eingestuft.<\/p>\n\n\n\n<p>Diese Entwicklung markiert einen bedeutenden Fortschritt f\u00fcr die Sicherheit zuk\u00fcnftiger Kommunikationssysteme und k\u00f6nnte eine Schl\u00fcsselrolle in der Absicherung von 6G-Netzwerken spielen.<\/p>\n\n\n\n<p>Den ganzen Artikel finden Sie auf <a href=\"https:\/\/ieeexplore.ieee.org\/document\/11003930\">IEEEXplore<\/a>, oder als Preprint auf <a href=\"https:\/\/arxiv.org\/abs\/2502.03289\">ArXiv<\/a>.<\/p>\n","protected":false},"excerpt":{"rendered":"<p>Im ersten ver\u00f6ffentlichten Artikel des Projekts \u201eChirp-Permuted AFDM for Quantum-Resilient Physical-Layer Secure Communications\u201c wurde eine innovative Methode f\u00fcr sichere Kommunikation auf der physikalischen Ebene vorgestellt. Diese basiert auf einer speziellen Variante des Affine Frequency Division Multiplexing (AFDM), einer Wellenform, die f\u00fcr zuk\u00fcnftige sechste Generation (6G) Mobilfunksysteme entwickelt wurde. Die neue Technik nutzt eine sogenannte Chirp-Permutation, [&hellip;]<\/p>\n","protected":false},"author":36,"featured_media":0,"parent":0,"menu_order":0,"comment_status":"closed","ping_status":"closed","template":"","meta":{"footnotes":""},"class_list":["post-133","page","type-page","status-publish","hentry"],"_links":{"self":[{"href":"https:\/\/pages.constructor.university\/5ghyprmesh\/index.php?rest_route=\/wp\/v2\/pages\/133","targetHints":{"allow":["GET"]}}],"collection":[{"href":"https:\/\/pages.constructor.university\/5ghyprmesh\/index.php?rest_route=\/wp\/v2\/pages"}],"about":[{"href":"https:\/\/pages.constructor.university\/5ghyprmesh\/index.php?rest_route=\/wp\/v2\/types\/page"}],"author":[{"embeddable":true,"href":"https:\/\/pages.constructor.university\/5ghyprmesh\/index.php?rest_route=\/wp\/v2\/users\/36"}],"replies":[{"embeddable":true,"href":"https:\/\/pages.constructor.university\/5ghyprmesh\/index.php?rest_route=%2Fwp%2Fv2%2Fcomments&post=133"}],"version-history":[{"count":1,"href":"https:\/\/pages.constructor.university\/5ghyprmesh\/index.php?rest_route=\/wp\/v2\/pages\/133\/revisions"}],"predecessor-version":[{"id":135,"href":"https:\/\/pages.constructor.university\/5ghyprmesh\/index.php?rest_route=\/wp\/v2\/pages\/133\/revisions\/135"}],"wp:attachment":[{"href":"https:\/\/pages.constructor.university\/5ghyprmesh\/index.php?rest_route=%2Fwp%2Fv2%2Fmedia&parent=133"}],"curies":[{"name":"wp","href":"https:\/\/api.w.org\/{rel}","templated":true}]}}