{"id":92,"date":"2024-08-09T10:20:50","date_gmt":"2024-08-09T08:20:50","guid":{"rendered":"https:\/\/pages.constructor.university\/5ghyprmesh\/?page_id=92"},"modified":"2025-10-27T17:08:19","modified_gmt":"2025-10-27T16:08:19","slug":"92-2","status":"publish","type":"page","link":"https:\/\/pages.constructor.university\/5ghyprmesh\/","title":{"rendered":""},"content":{"rendered":"\n<div class=\"wp-block-group has-global-padding is-layout-constrained wp-block-group-is-layout-constrained\">\n<figure class=\"wp-block-image aligncenter size-full is-resized\"><img loading=\"lazy\" decoding=\"async\" width=\"1024\" height=\"236\" src=\"https:\/\/pages.constructor.university\/5ghyprmesh\/wp-content\/uploads\/sites\/54\/2024\/07\/TestLogo-1.png\" alt=\"\" class=\"wp-image-71\" style=\"width:663px;height:auto\" srcset=\"https:\/\/pages.constructor.university\/5ghyprmesh\/wp-content\/uploads\/sites\/54\/2024\/07\/TestLogo-1.png 1024w, https:\/\/pages.constructor.university\/5ghyprmesh\/wp-content\/uploads\/sites\/54\/2024\/07\/TestLogo-1-300x69.png 300w, https:\/\/pages.constructor.university\/5ghyprmesh\/wp-content\/uploads\/sites\/54\/2024\/07\/TestLogo-1-768x177.png 768w\" sizes=\"auto, (max-width: 1024px) 100vw, 1024px\" \/><\/figure>\n\n\n\n<h2 class=\"wp-block-heading has-text-align-center\">5G hybride, sichere und resiliente Mesh-Netzwerke f\u00fcr Smart Mobility<\/h2>\n\n\n\n<p align=\"justify\" class=\"has-text-align-center\">Die Zahl der vernetzten Ger\u00e4te auf den Stra\u00dfen unserer St\u00e4dte w\u00e4chst exponentiell. Es wird erwartet, dass k\u00fcnftig bis zu einer Millionen Verbindungen pro Quadratkilometer in Innenstadtbereichen auftreten werden. Mobilit\u00e4tsangebote im Besonderen und im generellen alle datenbasierten und datenrelevanten Dienste und Dienstangebote in St\u00e4dten werden dazu eine sehr hohe Verf\u00fcgbarkeit und Zuverl\u00e4ssigkeit von Daten ben\u00f6tigen. Eine zuverl\u00e4ssige und sichere Vernetzung ist daher eine Grundvoraussetzung.<\/p>\n<\/div>\n\n\n\n<div class=\"wp-block-group has-global-padding is-layout-constrained wp-block-group-is-layout-constrained\">\n<h2 class=\"wp-block-heading\">Neuigkeiten<\/h2>\n\n\n\n<ul class=\"wp-block-list\">\n<li><strong>Neues Routing-Protokoll f\u00fcr dynamische Ad-hoc-Netzwerke auf der SPAWC-Konferenz vorgestellt<\/strong><br>Auf der SPAWC-Konferenz wurde ein neues Routing-Protokoll vorgestellt, das 5G-Mesh-Netzwerke durch Matrix-Vervollst\u00e4ndigung und Multihop-Lokalisierung robuster und datenschutzfreundlicher macht. <strong><a href=\"https:\/\/pages.constructor.university\/5ghyprmesh\/?page_id=139\">Weiterlesen<\/a><\/strong><br><\/li>\n\n\n\n<li><strong>Erster Artikel zu sicherer 6G-Kommunikation in IEEE Wireless Communications Letters ver\u00f6ffentlicht<\/strong><br>Im ersten ver\u00f6ffentlichten Artikel des Projekts \u201eChirp-Permuted AFDM for Quantum-Resilient Physical-Layer Secure Communications\u201c wurde eine innovative Methode f\u00fcr sichere Kommunikation auf der physikalischen Ebene vorgestellt. <strong><a href=\"https:\/\/pages.constructor.university\/5ghyprmesh\/?page_id=133\">Weiterlesen<\/a><\/strong><br><\/li>\n\n\n\n<li><strong>14-15.11.2024 DECT World 2024 in M\u00fcnchen<\/strong><br>Um sich auf die n\u00e4chste Phase des Projekts vorzubereiten und sich weiter zu vernetzen, reisten einige Projektpartner zu der DECT World 2024 Konferenz nach M\u00fcnchen, zum Austausch mit Experten im Bereich Forschung und Industrie f\u00fcr den DECT-2020 NR (NR+) Standard. <strong><a href=\"https:\/\/pages.constructor.university\/5ghyprmesh\/?page_id=122\">Weiterlesen<\/a><\/strong><br><\/li>\n\n\n\n<li><strong>20.08.2024, Offizielles Kickoff Meeting in Annaberg Buchholz<\/strong><br>Erstamlig trafen sich alle Projektpartner, sowie Vertreter des Landkreis Erzgebirgskreis zur weiteren Planung des Projekts. <a href=\"https:\/\/pages.constructor.university\/5ghyprmesh\/?page_id=103\"><strong>Weiterlesen<\/strong><\/a><br><\/li>\n\n\n\n<li><strong>08.08.2024, Offizielles Online Kickoff Meeting:<\/strong><br>Zum Start des Projekts trafen sich alle Projektpartner mit Ansprechpartnern des BSI und DLR online zum offiziellen Kickoff Meeting, bei dem der Start in das Projekt, sowie die ersten Schritte besprochen wurde.<\/li>\n<\/ul>\n<\/div>\n","protected":false},"excerpt":{"rendered":"<p>5G hybride, sichere und resiliente Mesh-Netzwerke f\u00fcr Smart Mobility Die Zahl der vernetzten Ger\u00e4te auf den Stra\u00dfen unserer St\u00e4dte w\u00e4chst exponentiell. Es wird erwartet, dass k\u00fcnftig bis zu einer Millionen Verbindungen pro Quadratkilometer in Innenstadtbereichen auftreten werden. Mobilit\u00e4tsangebote im Besonderen und im generellen alle datenbasierten und datenrelevanten Dienste und Dienstangebote in St\u00e4dten werden dazu eine [&hellip;]<\/p>\n","protected":false},"author":36,"featured_media":0,"parent":0,"menu_order":0,"comment_status":"closed","ping_status":"closed","template":"","meta":{"footnotes":""},"class_list":["post-92","page","type-page","status-publish","hentry"],"_links":{"self":[{"href":"https:\/\/pages.constructor.university\/5ghyprmesh\/index.php?rest_route=\/wp\/v2\/pages\/92","targetHints":{"allow":["GET"]}}],"collection":[{"href":"https:\/\/pages.constructor.university\/5ghyprmesh\/index.php?rest_route=\/wp\/v2\/pages"}],"about":[{"href":"https:\/\/pages.constructor.university\/5ghyprmesh\/index.php?rest_route=\/wp\/v2\/types\/page"}],"author":[{"embeddable":true,"href":"https:\/\/pages.constructor.university\/5ghyprmesh\/index.php?rest_route=\/wp\/v2\/users\/36"}],"replies":[{"embeddable":true,"href":"https:\/\/pages.constructor.university\/5ghyprmesh\/index.php?rest_route=%2Fwp%2Fv2%2Fcomments&post=92"}],"version-history":[{"count":11,"href":"https:\/\/pages.constructor.university\/5ghyprmesh\/index.php?rest_route=\/wp\/v2\/pages\/92\/revisions"}],"predecessor-version":[{"id":143,"href":"https:\/\/pages.constructor.university\/5ghyprmesh\/index.php?rest_route=\/wp\/v2\/pages\/92\/revisions\/143"}],"wp:attachment":[{"href":"https:\/\/pages.constructor.university\/5ghyprmesh\/index.php?rest_route=%2Fwp%2Fv2%2Fmedia&parent=92"}],"curies":[{"name":"wp","href":"https:\/\/api.w.org\/{rel}","templated":true}]}}