{"id":564,"date":"2018-05-20T13:23:47","date_gmt":"2018-05-20T13:23:47","guid":{"rendered":"http:\/\/springergroup.user.jacobs-university.de\/?page_id=564"},"modified":"2023-11-28T12:56:07","modified_gmt":"2023-11-28T12:56:07","slug":"imprint-data-protection","status":"publish","type":"page","link":"https:\/\/pages.constructor.university\/springergroup\/imprint-data-protection\/","title":{"rendered":"Imprint and Privacy"},"content":{"rendered":"<p>(for the English text see below)<\/p>\n<h2>Datenschutzerkl\u00e4rung<\/h2>\n<p>Nachfolgend m\u00f6chten wir Sie \u00fcber den Umgang mit Ihren Daten gem. Art. 13 Datenschutzgrundverordnung (DSGVO) informieren.<\/p>\n<h6>Verantwortlicher<\/h6>\n<p>Verantwortlich f\u00fcr die nachfolgend dargestellte Datenerhebung und Verarbeitung ist die im Impressum genannte Stelle.<\/p>\n<h6>Nutzungsdaten<\/h6>\n<p>Wenn Sie unsere Webseite besuchen, werden auf unserem Webserver tempor\u00e4r sogenannte Nutzungsdaten zu statistischen Zwecken als Protokoll gespeichert, um die Qualit\u00e4t unserer Webseite zu verbessern. Dieser Datensatz besteht aus<br \/>\n* der Seite, von der aus die Datei angefordert wurde,<br \/>\n* dem Namen der Datei,<br \/>\n* dem Datum und der Uhrzeit der Abfrage,<br \/>\n* der \u00fcbertragenen Datenmenge,<br \/>\n* dem Zugriffsstatus (Datei \u00fcbertragen, Datei nicht gefunden),<br \/>\n* der Beschreibung des Typs des verwendeten Webbrowsers,<br \/>\n* der IP-Adresse des anfragenden Rechners, die so verk\u00fcrzt wird, dass ein Personenbezug nicht mehr herstellbar ist.<br \/>\nDie genannten Protokolldaten werden nur anonymisiert gespeichert.<\/p>\n<h6>Daten\u00fcbermittlung an Dritte<\/h6>\n<p>Wir \u00fcbermitteln Ihre personenbezogenen Daten nicht an Dritte.<\/p>\n<h6>Cookies<\/h6>\n<p>Auf unseren Webseiten nutzen wir Cookies. Cookies sind kleine Textdateien, die auf Ihrem Endger\u00e4t gespeichert und ausgelesen werden k\u00f6nnen. Man unterscheidet zwischen Session-Cookies, die wieder gel\u00f6scht werden, sobald Sie ihren Browser schlie\u00dfen und permanenten Cookies, die \u00fcber die einzelne Sitzung hinaus gespeichert werden. Cookies k\u00f6nnen Daten enthalten, die eine Wiedererkennung des genutzten Ger\u00e4ts m\u00f6glich machen. Teilweise enthalten Cookies aber auch lediglich Informationen zu bestimmten Einstellungen, die nicht personenbeziehbar sind.<br \/>\nWir nutzen auf unseren Webseiten Session-Cookies und permanente Cookies. Die Verarbeitung erfolgt auf Grundlage von Art. 6 Abs. 1 S.1 lit. f DSGVO und in dem Interesse die Benutzerf\u00fchrung zu optimieren bzw. zu erm\u00f6glichen und die Darstellung unserer Webseite anzupassen.<br \/>\nSie k\u00f6nnen Ihren Browser so einstellen, dass er Sie \u00fcber die Platzierung von Cookies informiert. So wird der Gebrauch von Cookies f\u00fcr Sie transparent. Sie k\u00f6nnen Cookies zudem jederzeit \u00fcber die entsprechende Browsereinstellung l\u00f6schen und das Setzen neuer Cookies verhindern. Bitte beachten Sie, dass unsere Webseiten dann ggf. nicht optimal angezeigt werden und einige Funktionen technisch nicht mehr zur Verf\u00fcgung stehen.<\/p>\n<h6>Eingebettete YouTube-Videos<\/h6>\n<p>Auf einigen Unterseiten betten wir YouTube-Videos in unsere Webseite ein. Ein Aufruf dieser Unterseiten f\u00fchrt dazu, dass Inhalte von YouTube nachgeladen werden. In diesem Rahmen erh\u00e4lt YouTube auch Ihre IP-Adresse, die technisch zum Abruf der Inhalte erforderlich ist. Wir haben auf die weitere Verarbeitung durch YouTube grunds\u00e4tzlich keinen Einfluss. Allerdings haben wir bei der Einbettung der Videos darauf geachtet, den von YouTube angeboten erweiterten Datenschutzmodus zu aktivieren.<\/p>\n<h6>Ihre Rechte als Nutzer<\/h6>\n<p>Bei Verarbeitung Ihrer personenbezogenen Daten gew\u00e4hrt die DSGVO Ihnen als Webseitennutzer bestimmte Rechte:<\/p>\n<p>1. Auskunftsrecht (Art. 15 DSGVO):<br \/>\nSie haben das Recht eine Best\u00e4tigung dar\u00fcber zu verlangen, ob sie betreffende personenbezogene Daten verarbeitet werden; ist dies der Fall, so haben Sie ein Recht auf Auskunft \u00fcber diese personenbezogenen Daten und auf die in Art. 15 DSGVO im einzelnen aufgef\u00fchrten Informationen.<\/p>\n<p>2. Recht auf Berichtigung und L\u00f6schung (Art. 16 und 17 DSGVO):<br \/>\nSie haben das Recht, unverz\u00fcglich die Berichtigung sie betreffender unrichtiger personenbezogener Daten und ggf. die Vervollst\u00e4ndigung unvollst\u00e4ndiger personenbezogener Daten zu verlangen.<br \/>\nSie haben zudem das Recht, zu verlangen, dass sie betreffende personenbezogene Daten unverz\u00fcglich gel\u00f6scht werden, sofern einer der in Art. 17 DSGVO im einzelnen aufgef\u00fchrten Gr\u00fcnde zutrifft, z. B. wenn die Daten f\u00fcr die verfolgten Zwecke nicht mehr ben\u00f6tigt werden.<\/p>\n<p>3. Recht auf Einschr\u00e4nkung der Verarbeitung (Art. 18 DSGVO):<br \/>\nSie haben das Recht, die Einschr\u00e4nkung der Verarbeitung zu verlangen, wenn eine der in Art. 18 DSGVO aufgef\u00fchrten Voraussetzungen gegeben ist, z. B. wenn Sie Widerspruch gegen die Verarbeitung eingelegt haben, f\u00fcr die Dauer einer etwaigen Pr\u00fcfung.<\/p>\n<p>4. Recht auf Daten\u00fcbertragbarkeit (Art. 20 DSGVO):<br \/>\nIn bestimmten F\u00e4llen, die in Art. 20 DSGVO im Einzelnen aufgef\u00fchrt werden, haben Sie das Recht, die sie betreffenden personenbezogenen Daten in einem strukturierten, g\u00e4ngigen und maschinenlesbaren Format zu erhalten bzw. die \u00dcbermittlung dieser Daten an einen Dritten zu verlangen.<\/p>\n<p>5. Widerspruchsrecht (Art. 21 DSGVO):<br \/>\nWerden Daten auf Grundlage von Art. 6 Abs. 1 lit. f erhoben (Datenverarbeitung zur Wahrung berechtigter Interessen), steht Ihnen das Recht zu, aus Gr\u00fcnden, die sich aus Ihrer besonderen Situation ergeben, jederzeit gegen die Verarbeitung Widerspruch einzulegen. Wir verarbeiten die personenbezogenen Daten dann nicht mehr, es sei denn, es liegen nachweisbar zwingende schutzw\u00fcrdige Gr\u00fcnde f\u00fcr die Verarbeitung vor, die die Interessen, Rechte und Freiheiten der betroffenen Person \u00fcberwiegen, oder die Verarbeitung dient der Geltendmachung, Aus\u00fcbung oder Verteidigung von Rechtsanspr\u00fcchen.<\/p>\n<p>6. Beschwerderecht bei einer Aufsichtsbeh\u00f6rde:<br \/>\nSie haben gem. Art. 77 DSGVO das Recht auf Beschwerde bei einer Aufsichtsbeh\u00f6rde, wenn Sie der Ansicht sind, dass die Verarbeitung der Sie betreffenden Daten gegen datenschutzrechtliche Bestimmungen verst\u00f6\u00dft. Das Beschwerderecht kann insbesondere bei einer Aufsichtsbeh\u00f6rde in dem Mitgliedstaat Ihres Aufenthaltsorts, Ihres Arbeitsplatzes oder des Orts des mutma\u00dflichen Versto\u00dfes geltend gemacht werden.<\/p>\n<p>Kontaktdaten des Datenschutzbeauftragten der Jacobs University:<\/p>\n<p>Dr. Uwe Schl\u00e4ger, datenschutz nord GmbH, Konsul-Smidt-Str. 88a, office@datenschutz-nord.de<\/p>\n<h2>Data Protection Declaration<\/h2>\n<p>We would like to inform you about the management of your personal data in accordance with Art. 13 General Data Protection Regulation (GDPR).<\/p>\n<h6>Controller<\/h6>\n<p>The controller responsible for the described data collection and processing is named in the imprint.<\/p>\n<h6>Storage of Your IP address<\/h6>\n<p>We store the IP address transmitted by your web browser for a period of seven (7) days, strictly for the purpose of identifying, restricting and eliminating attacks on our website. After seven (7) days, we delete or anonymize your IP address. The legal basis for the processing of this personal data is provided for in Art. 6 para. 1 s. 1 lit. f GDPR.<\/p>\n<h6>Usage Data<\/h6>\n<p>When you visit our website, the data collected from the use of the website is tempo-rarily stored on our web server for statistical purposes in order to improve the quality of our website. This data set contains:<br \/>\n* the page, from which the data is requested<br \/>\n* the name of the data file,<br \/>\n* the date and time of the query,<br \/>\n* the amount of data transferred,<br \/>\n* the access status (file transmitted, file not found),<br \/>\n* a description of the type of browser used,<br \/>\n* the IP address of the requesting computer shortened to such an extent that no re-identification of any persona data is possible.<br \/>\nThe listed usage data is stored anonymously.<\/p>\n<h6>Data Transfer to Third Parties<\/h6>\n<p>We do not transfer your personal data to third parties.<\/p>\n<h6>Cookies<\/h6>\n<p>On our web pages we use cookies. Cookies are small text files that can be stored and read on your device. A distinction is made between session cookies, which are deleted again as soon as you close your browser and permanent cookies that are saved beyond the individual session. Cookies may contain data that makes it possible to recognize the device used. In some cases, cookies only contain information about certain settings that are not personally identifiable.<br \/>\nWe use session cookies and permanent cookies on our websites. Processing is based on Art. 6 para. 1 p. 1 lit. f DSGVO and in the interest to optimize the user guidance and to adapt the presentation of our website.<br \/>\nYou can set your browser to inform you about the placement of cookies. So the use of cookies becomes transparent for you. You can also delete cookies at any time using the appropriate browser setting and prevent the setting of new cookies. Please note that our web pages may not be displayed optimally and some functions are no longer technically available.<\/p>\n<h6>Embedded YouTube videos<\/h6>\n<p>On some subpages, we embed YouTube videos on our website. Calling these subpages will result in YouTube content being reloaded. In this framework, YouTube will also receive your IP address, which is technically required to retrieve the content. In principle, we have no influence on the further processing by YouTube. However, when we embedded the videos, we took care to enable the enhanced privacy mode offered by YouTube.<\/p>\n<h6>Your Rights as a User<\/h6>\n<p>As a website user, the GDPR grants you certain rights when processing your personal data.<\/p>\n<p>1. Right of access (Art. 15 GDPR):<br \/>\nYou have the right to obtain confirmation at to whether or not personal data concerning you is being processed, and, where that is the case access to the personal data and the information specified in Art. 15 GDPR.<\/p>\n<p>2. Right to rectification and erasure (Art. 16 and 17 GDPR):<br \/>\nYou have the right to obtain without undue delay the rectification of inaccurate personal data concerning you and, if necessary, the right to have incomplete person-al data completed.<br \/>\nYou also have the right to obtain an erasure of the personal data concerning you without undue delay, if one of the reasons listed in Art. 17 GDPR applies, e.g. if the data is no longer necessary for the intended purpose.<\/p>\n<p>3. Right to restriction of processing (Art. 18 GDPR):<br \/>\nIf one of the conditions set forth in Art. 18 GDPR applies, you shall have the right to restrict the processing of your data to mere storage, e.g. if you revoke consent, to the processing, for the duration of a possible examination.<\/p>\n<p>4. Right to data portability (Art. 20 GDPR):<br \/>\nIn certain situations, listed in Art. 20 GDPR, you have the right to receive the personal data concerning you in a structured, common and machine-readable format or demand a transmission of the data to another third party.<\/p>\n<p>5. Right to object (Art. 21 GDPR):<br \/>\nIf the data is processed pursuant to Art. 6 para. 1 s. 1 lit. f GDPR (data processing for the purposes of the legitimate interests), you have the right to object to the processing at any time for reasons arising out of your particular situation. We will then no longer process personal data, unless there are demonstrably compelling legitimate grounds for processing, which override the interests, rights and freedoms of the person concerned, or the processing serves the purpose of asserting, exercising or defending legal claims.<\/p>\n<p>6. Right to lodge a complaint with a supervisory authority:<br \/>\nPursuant to Art. 77 GDPR, you have the right to lodge a complaint with a supervisory authority if you consider the processing of the data concerning you infringes data protection regulations. The right to lodge a complaint may be invoked in particular in the Member State of your habitual residence, place of work or the place of the alleged infringement.<\/p>\n<p>Contact Details of the Data Protection Officer<\/p>\n<p>Dr. Uwe Schl\u00e4ger<\/p>\n<p>datenschutz nord GmbH Konsul-Smidt-Stra\u00dfe 88<br \/>\n28217 Bremen, Germany<br \/>\nWeb: http:\/\/www.datenschutz-nord-gruppe.de<br \/>\nE-Mail: mailto:office@datenschutz-nord.de<br \/>\nTel.: +49 421 69 66 32 0<\/p>\n","protected":false},"excerpt":{"rendered":"<p>(for the English text see below) Datenschutzerkl\u00e4rung Nachfolgend m\u00f6chten wir Sie \u00fcber den Umgang mit Ihren Daten gem. Art. 13 Datenschutzgrundverordnung (DSGVO) informieren. Verantwortlicher Verantwortlich f\u00fcr die nachfolgend dargestellte Datenerhebung und Verarbeitung ist die im Impressum genannte Stelle. Nutzungsdaten Wenn<\/p>\n","protected":false},"author":18,"featured_media":0,"parent":0,"menu_order":0,"comment_status":"closed","ping_status":"closed","template":"","meta":{"footnotes":""},"class_list":["post-564","page","type-page","status-publish","hentry"],"_links":{"self":[{"href":"https:\/\/pages.constructor.university\/springergroup\/wp-json\/wp\/v2\/pages\/564","targetHints":{"allow":["GET"]}}],"collection":[{"href":"https:\/\/pages.constructor.university\/springergroup\/wp-json\/wp\/v2\/pages"}],"about":[{"href":"https:\/\/pages.constructor.university\/springergroup\/wp-json\/wp\/v2\/types\/page"}],"author":[{"embeddable":true,"href":"https:\/\/pages.constructor.university\/springergroup\/wp-json\/wp\/v2\/users\/18"}],"replies":[{"embeddable":true,"href":"https:\/\/pages.constructor.university\/springergroup\/wp-json\/wp\/v2\/comments?post=564"}],"version-history":[{"count":1,"href":"https:\/\/pages.constructor.university\/springergroup\/wp-json\/wp\/v2\/pages\/564\/revisions"}],"predecessor-version":[{"id":1123,"href":"https:\/\/pages.constructor.university\/springergroup\/wp-json\/wp\/v2\/pages\/564\/revisions\/1123"}],"wp:attachment":[{"href":"https:\/\/pages.constructor.university\/springergroup\/wp-json\/wp\/v2\/media?parent=564"}],"curies":[{"name":"wp","href":"https:\/\/api.w.org\/{rel}","templated":true}]}}